{"id":867,"date":"2026-02-23T12:06:20","date_gmt":"2026-02-23T10:06:20","guid":{"rendered":"https:\/\/expoacademia.aitera.eu\/?page_id=867"},"modified":"2026-04-17T13:54:03","modified_gmt":"2026-04-17T11:54:03","slug":"patalpos-renginiams","status":"publish","type":"page","link":"https:\/\/expoacademia.aitera.eu\/en\/patalpos-renginiams\/","title":{"rendered":"Patalpos renginiams"},"content":{"rendered":"<div data-elementor-type=\"wp-page\" data-elementor-id=\"867\" class=\"elementor elementor-867\" data-elementor-post-type=\"page\">\n\t\t\t\t<div data-particle_enable=\"false\" data-particle-mobile-disabled=\"false\" class=\"elementor-element elementor-element-60b7ba9 e-flex e-con-boxed e-con e-parent\" data-id=\"60b7ba9\" data-element_type=\"container\" data-e-type=\"container\">\n\t\t\t\t\t<div class=\"e-con-inner\">\n\t\t<div data-particle_enable=\"false\" data-particle-mobile-disabled=\"false\" class=\"elementor-element elementor-element-1827c45 e-con-full e-flex e-con e-child\" data-id=\"1827c45\" data-element_type=\"container\" data-e-type=\"container\">\n\t\t<div data-particle_enable=\"false\" data-particle-mobile-disabled=\"false\" class=\"elementor-element elementor-element-18caa96 e-con-full elementor-hidden-mobile e-flex e-con e-child\" data-id=\"18caa96\" data-element_type=\"container\" data-e-type=\"container\">\n\t\t<div data-particle_enable=\"false\" data-particle-mobile-disabled=\"false\" class=\"elementor-element elementor-element-0742c00 e-flex e-con-boxed e-con e-child\" data-id=\"0742c00\" data-element_type=\"container\" data-e-type=\"container\" data-settings=\"{&quot;background_background&quot;:&quot;classic&quot;}\">\n\t\t\t\t\t<div class=\"e-con-inner\">\n\t\t<div data-particle_enable=\"false\" data-particle-mobile-disabled=\"false\" class=\"elementor-element elementor-element-f08f6fd e-con-full e-flex e-con e-child\" data-id=\"f08f6fd\" data-element_type=\"container\" data-e-type=\"container\">\n\t\t\t\t<div class=\"elementor-element elementor-element-c6ea5e4 elementor-widget__width-initial elementor-widget-divider--view-line elementor-widget elementor-widget-divider\" data-id=\"c6ea5e4\" data-element_type=\"widget\" data-e-type=\"widget\" data-widget_type=\"divider.default\">\n\t\t\t\t\t\t\t<div class=\"elementor-divider\">\n\t\t\t<span class=\"elementor-divider-separator\">\n\t\t\t\t\t\t<\/span>\n\t\t<\/div>\n\t\t\t\t\t\t<\/div>\n\t\t\t\t<\/div>\n\t\t<div data-particle_enable=\"false\" data-particle-mobile-disabled=\"false\" class=\"elementor-element elementor-element-1661188 e-flex e-con-boxed e-con e-child\" data-id=\"1661188\" data-element_type=\"container\" data-e-type=\"container\">\n\t\t\t\t\t<div class=\"e-con-inner\">\n\t\t\t\t<div class=\"elementor-element elementor-element-5a95706 elementor-widget-divider--view-line_text elementor-widget-divider--element-align-left elementor-widget elementor-widget-divider\" data-id=\"5a95706\" data-element_type=\"widget\" data-e-type=\"widget\" data-widget_type=\"divider.default\">\n\t\t\t\t\t\t\t<div class=\"elementor-divider\">\n\t\t\t<span class=\"elementor-divider-separator\">\n\t\t\t\t\t\t\t<span class=\"elementor-divider__text elementor-divider__element\">\n\t\t\t\tPatalpos renginiams\t\t\t\t<\/span>\n\t\t\t\t\t\t<\/span>\n\t\t<\/div>\n\t\t\t\t\t\t<\/div>\n\t\t\t\t\t<\/div>\n\t\t\t\t<\/div>\n\t\t\t\t\t<\/div>\n\t\t\t\t<\/div>\n\t\t\t\t<\/div>\n\t\t\t\t<\/div>\n\t\t\t\t\t<\/div>\n\t\t\t\t<\/div>\n\t\t<div data-particle_enable=\"false\" data-particle-mobile-disabled=\"false\" class=\"elementor-element elementor-element-9abe02c e-flex e-con-boxed e-con e-parent\" data-id=\"9abe02c\" data-element_type=\"container\" data-e-type=\"container\">\n\t\t\t\t\t<div class=\"e-con-inner\">\n\t\t\t\t<div class=\"elementor-element elementor-element-a307dae elementor-widget-divider--view-line_text elementor-widget__width-auto elementor-hidden-desktop elementor-widget-divider--element-align-center elementor-widget elementor-widget-divider\" data-id=\"a307dae\" data-element_type=\"widget\" data-e-type=\"widget\" data-widget_type=\"divider.default\">\n\t\t\t\t\t\t\t<div class=\"elementor-divider\">\n\t\t\t<span class=\"elementor-divider-separator\">\n\t\t\t\t\t\t\t<span class=\"elementor-divider__text elementor-divider__element\">\n\t\t\t\tPatalpos renginiams\t\t\t\t<\/span>\n\t\t\t\t\t\t<\/span>\n\t\t<\/div>\n\t\t\t\t\t\t<\/div>\n\t\t\t\t\t<\/div>\n\t\t\t\t<\/div>\n\t\t<div data-particle_enable=\"false\" data-particle-mobile-disabled=\"false\" class=\"elementor-element elementor-element-bd21893 e-flex e-con-boxed e-con e-parent\" data-id=\"bd21893\" data-element_type=\"container\" data-e-type=\"container\">\n\t\t\t\t\t<div class=\"e-con-inner\">\n\t\t<div data-particle_enable=\"false\" data-particle-mobile-disabled=\"false\" class=\"elementor-element elementor-element-124c4ef e-con-full e-flex e-con e-child\" data-id=\"124c4ef\" data-element_type=\"container\" data-e-type=\"container\" data-settings=\"{&quot;background_background&quot;:&quot;classic&quot;}\">\n\t\t<div data-particle_enable=\"false\" data-particle-mobile-disabled=\"false\" class=\"elementor-element elementor-element-e8596d3 e-con-full e-flex e-con e-child\" data-id=\"e8596d3\" data-element_type=\"container\" data-e-type=\"container\" data-settings=\"{&quot;background_background&quot;:&quot;classic&quot;}\">\n\t\t<div data-particle_enable=\"false\" data-particle-mobile-disabled=\"false\" class=\"elementor-element elementor-element-252eb52 e-con-full e-flex e-con e-child\" data-id=\"252eb52\" data-element_type=\"container\" data-e-type=\"container\">\n\t\t<div data-particle_enable=\"false\" data-particle-mobile-disabled=\"false\" class=\"elementor-element elementor-element-c972508 e-con-full e-flex e-con e-child\" data-id=\"c972508\" data-element_type=\"container\" data-e-type=\"container\">\n\t\t\t\t<div class=\"elementor-element elementor-element-842e03b elementor-hidden-mobile elementor-widget elementor-widget-spacer\" data-id=\"842e03b\" data-element_type=\"widget\" data-e-type=\"widget\" data-widget_type=\"spacer.default\">\n\t\t\t\t\t\t\t<div class=\"elementor-spacer\">\n\t\t\t<div class=\"elementor-spacer-inner\"><\/div>\n\t\t<\/div>\n\t\t\t\t\t\t<\/div>\n\t\t\t\t<div class=\"elementor-element elementor-element-b9625c2 elementor-widget elementor-widget-text-editor\" data-id=\"b9625c2\" data-element_type=\"widget\" data-e-type=\"widget\" data-widget_type=\"text-editor.default\">\n\t\t\t\t\t\t\t\t\t<p><span style=\"white-space-collapse: preserve;\">Inicijuojame ir \u012fgyvendiname tarpdisciplininius, nacionalinius ir tarptautinius projektus, pl\u0117tojame bendradarbiavimo tinklus tarp mokslo, verslo, \u016bkinink\u0173, bendruomeni\u0173 ir visuomen\u0117s, o taip pat vykdome paramos ir \u017eini\u0173 perdavimo iniciatyvas, skatinan\u010dias pa\u017eangi\u0173 sprendim\u0173 diegim\u0105 \u017eem\u0117s \u016bkio sektoriuje.<\/span><\/p>\t\t\t\t\t\t\t\t<\/div>\n\t\t\t\t<\/div>\n\t\t\t\t<\/div>\n\t\t<div data-particle_enable=\"false\" data-particle-mobile-disabled=\"false\" class=\"elementor-element elementor-element-bce5189 e-con-full e-flex e-con e-child\" data-id=\"bce5189\" data-element_type=\"container\" data-e-type=\"container\">\n\t\t\t\t<div class=\"elementor-element elementor-element-767e89f elementor-widget elementor-widget-image\" data-id=\"767e89f\" data-element_type=\"widget\" data-e-type=\"widget\" data-widget_type=\"image.default\">\n\t\t\t\t\t\t\t\t\t\t\t\t\t\t\t<img fetchpriority=\"high\" decoding=\"async\" width=\"1106\" height=\"737\" src=\"https:\/\/expoacademia.aitera.eu\/wp-content\/uploads\/2026\/01\/2026-01-28_21-27-00.png\" class=\"attachment-full size-full wp-image-588\" alt=\"\" srcset=\"https:\/\/expoacademia.aitera.eu\/wp-content\/uploads\/2026\/01\/2026-01-28_21-27-00.png 1106w, https:\/\/expoacademia.aitera.eu\/wp-content\/uploads\/2026\/01\/2026-01-28_21-27-00-300x200.png 300w, https:\/\/expoacademia.aitera.eu\/wp-content\/uploads\/2026\/01\/2026-01-28_21-27-00-1024x682.png 1024w, https:\/\/expoacademia.aitera.eu\/wp-content\/uploads\/2026\/01\/2026-01-28_21-27-00-768x512.png 768w, https:\/\/expoacademia.aitera.eu\/wp-content\/uploads\/2026\/01\/2026-01-28_21-27-00-18x12.png 18w\" sizes=\"(max-width: 1106px) 100vw, 1106px\" \/>\t\t\t\t\t\t\t\t\t\t\t\t\t\t\t<\/div>\n\t\t\t\t<\/div>\n\t\t\t\t<\/div>\n\t\t\t\t<\/div>\n\t\t\t\t\t<\/div>\n\t\t\t\t<\/div>\n\t\t\t\t<\/div>","protected":false},"excerpt":{"rendered":"<p>Inicijuojame ir \u012fgyvendiname tarpdisciplininius, nacionalinius ir tarptautinius projektus, pl\u0117tojame bendradarbiavimo tinklus tarp mokslo, verslo, \u016bkinink\u0173, bendruomeni\u0173 ir visuomen\u0117s, o taip pat vykdome paramos ir \u017eini\u0173 perdavimo iniciatyvas, skatinan\u010dias pa\u017eangi\u0173 sprendim\u0173 diegim\u0105 \u017eem\u0117s \u016bkio sektoriuje.<\/p>","protected":false},"author":1,"featured_media":0,"parent":0,"menu_order":0,"comment_status":"closed","ping_status":"closed","template":"","meta":{"_acf_changed":false,"rs_blank_template":"","rs_page_bg_color":"","slide_template_v7":"","footnotes":""},"class_list":["post-867","page","type-page","status-publish","hentry"],"acf":[],"_links":{"self":[{"href":"https:\/\/expoacademia.aitera.eu\/en\/wp-json\/wp\/v2\/pages\/867","targetHints":{"allow":["GET"]}}],"collection":[{"href":"https:\/\/expoacademia.aitera.eu\/en\/wp-json\/wp\/v2\/pages"}],"about":[{"href":"https:\/\/expoacademia.aitera.eu\/en\/wp-json\/wp\/v2\/types\/page"}],"author":[{"embeddable":true,"href":"https:\/\/expoacademia.aitera.eu\/en\/wp-json\/wp\/v2\/users\/1"}],"replies":[{"embeddable":true,"href":"https:\/\/expoacademia.aitera.eu\/en\/wp-json\/wp\/v2\/comments?post=867"}],"version-history":[{"count":21,"href":"https:\/\/expoacademia.aitera.eu\/en\/wp-json\/wp\/v2\/pages\/867\/revisions"}],"predecessor-version":[{"id":1634,"href":"https:\/\/expoacademia.aitera.eu\/en\/wp-json\/wp\/v2\/pages\/867\/revisions\/1634"}],"wp:attachment":[{"href":"https:\/\/expoacademia.aitera.eu\/en\/wp-json\/wp\/v2\/media?parent=867"}],"curies":[{"name":"wp","href":"https:\/\/api.w.org\/{rel}","templated":true}]}}