{"id":841,"date":"2026-02-20T17:54:19","date_gmt":"2026-02-20T15:54:19","guid":{"rendered":"https:\/\/expoacademia.aitera.eu\/?page_id=841"},"modified":"2026-04-17T14:01:08","modified_gmt":"2026-04-17T12:01:08","slug":"mokymai","status":"publish","type":"page","link":"https:\/\/expoacademia.aitera.eu\/en\/mokymai\/","title":{"rendered":"Mokymai"},"content":{"rendered":"<div data-elementor-type=\"wp-page\" data-elementor-id=\"841\" class=\"elementor elementor-841\" data-elementor-post-type=\"page\">\n\t\t\t\t<div data-particle_enable=\"false\" data-particle-mobile-disabled=\"false\" class=\"elementor-element elementor-element-ccf3621 e-flex e-con-boxed e-con e-parent\" data-id=\"ccf3621\" data-element_type=\"container\" data-e-type=\"container\">\n\t\t\t\t\t<div class=\"e-con-inner\">\n\t\t<div data-particle_enable=\"false\" data-particle-mobile-disabled=\"false\" class=\"elementor-element elementor-element-5d58451 e-con-full e-flex e-con e-child\" data-id=\"5d58451\" data-element_type=\"container\" data-e-type=\"container\">\n\t\t<div data-particle_enable=\"false\" data-particle-mobile-disabled=\"false\" class=\"elementor-element elementor-element-fbac05b e-con-full elementor-hidden-mobile e-flex e-con e-child\" data-id=\"fbac05b\" data-element_type=\"container\" data-e-type=\"container\">\n\t\t<div data-particle_enable=\"false\" data-particle-mobile-disabled=\"false\" class=\"elementor-element elementor-element-5876fc7 e-flex e-con-boxed e-con e-child\" data-id=\"5876fc7\" data-element_type=\"container\" data-e-type=\"container\" data-settings=\"{&quot;background_background&quot;:&quot;classic&quot;}\">\n\t\t\t\t\t<div class=\"e-con-inner\">\n\t\t<div data-particle_enable=\"false\" data-particle-mobile-disabled=\"false\" class=\"elementor-element elementor-element-966ec09 e-con-full e-flex e-con e-child\" data-id=\"966ec09\" data-element_type=\"container\" data-e-type=\"container\">\n\t\t\t\t<div class=\"elementor-element elementor-element-9bedfdc elementor-widget__width-initial elementor-widget-divider--view-line elementor-widget elementor-widget-divider\" data-id=\"9bedfdc\" data-element_type=\"widget\" data-e-type=\"widget\" data-widget_type=\"divider.default\">\n\t\t\t\t\t\t\t<div class=\"elementor-divider\">\n\t\t\t<span class=\"elementor-divider-separator\">\n\t\t\t\t\t\t<\/span>\n\t\t<\/div>\n\t\t\t\t\t\t<\/div>\n\t\t\t\t<\/div>\n\t\t<div data-particle_enable=\"false\" data-particle-mobile-disabled=\"false\" class=\"elementor-element elementor-element-c518928 e-flex e-con-boxed e-con e-child\" data-id=\"c518928\" data-element_type=\"container\" data-e-type=\"container\">\n\t\t\t\t\t<div class=\"e-con-inner\">\n\t\t\t\t<div class=\"elementor-element elementor-element-1821801 elementor-widget-divider--view-line_text elementor-widget-divider--element-align-left elementor-widget elementor-widget-divider\" data-id=\"1821801\" data-element_type=\"widget\" data-e-type=\"widget\" data-widget_type=\"divider.default\">\n\t\t\t\t\t\t\t<div class=\"elementor-divider\">\n\t\t\t<span class=\"elementor-divider-separator\">\n\t\t\t\t\t\t\t<span class=\"elementor-divider__text elementor-divider__element\">\n\t\t\t\tMokymai\t\t\t\t<\/span>\n\t\t\t\t\t\t<\/span>\n\t\t<\/div>\n\t\t\t\t\t\t<\/div>\n\t\t\t\t\t<\/div>\n\t\t\t\t<\/div>\n\t\t\t\t\t<\/div>\n\t\t\t\t<\/div>\n\t\t\t\t<\/div>\n\t\t\t\t<\/div>\n\t\t\t\t\t<\/div>\n\t\t\t\t<\/div>\n\t\t<div data-particle_enable=\"false\" data-particle-mobile-disabled=\"false\" class=\"elementor-element elementor-element-163c1b3 e-flex e-con-boxed e-con e-parent\" data-id=\"163c1b3\" data-element_type=\"container\" data-e-type=\"container\">\n\t\t\t\t\t<div class=\"e-con-inner\">\n\t\t\t\t<div class=\"elementor-element elementor-element-6991a34 elementor-widget-divider--view-line_text elementor-widget__width-auto elementor-hidden-desktop elementor-widget-divider--element-align-center elementor-widget elementor-widget-divider\" data-id=\"6991a34\" data-element_type=\"widget\" data-e-type=\"widget\" data-widget_type=\"divider.default\">\n\t\t\t\t\t\t\t<div class=\"elementor-divider\">\n\t\t\t<span class=\"elementor-divider-separator\">\n\t\t\t\t\t\t\t<span class=\"elementor-divider__text elementor-divider__element\">\n\t\t\t\tMokymai\t\t\t\t<\/span>\n\t\t\t\t\t\t<\/span>\n\t\t<\/div>\n\t\t\t\t\t\t<\/div>\n\t\t\t\t\t<\/div>\n\t\t\t\t<\/div>\n\t\t<div data-particle_enable=\"false\" data-particle-mobile-disabled=\"false\" class=\"elementor-element elementor-element-3d3b7c7 e-flex e-con-boxed e-con e-parent\" data-id=\"3d3b7c7\" data-element_type=\"container\" data-e-type=\"container\">\n\t\t\t\t\t<div class=\"e-con-inner\">\n\t\t<div data-particle_enable=\"false\" data-particle-mobile-disabled=\"false\" class=\"elementor-element elementor-element-b2995b9 e-con-full e-flex e-con e-child\" data-id=\"b2995b9\" data-element_type=\"container\" data-e-type=\"container\">\n\t\t<div data-particle_enable=\"false\" data-particle-mobile-disabled=\"false\" class=\"elementor-element elementor-element-82b77fa e-flex e-con-boxed e-con e-child\" data-id=\"82b77fa\" data-element_type=\"container\" data-e-type=\"container\" data-settings=\"{&quot;background_background&quot;:&quot;classic&quot;}\">\n\t\t\t\t\t<div class=\"e-con-inner\">\n\t\t\t\t<div class=\"elementor-element elementor-element-95d84c3 elementor-widget elementor-widget-text-editor\" data-id=\"95d84c3\" data-element_type=\"widget\" data-e-type=\"widget\" data-widget_type=\"text-editor.default\">\n\t\t\t\t\t\t\t\t\t<p><img fetchpriority=\"high\" decoding=\"async\" class=\"wp-image-650 alignright\" src=\"https:\/\/expoacademia.aitera.eu\/wp-content\/uploads\/2026\/01\/28-diena-19-300x200.webp\" alt=\"\" width=\"531\" height=\"354\" srcset=\"https:\/\/expoacademia.aitera.eu\/wp-content\/uploads\/2026\/01\/28-diena-19-300x200.webp 300w, https:\/\/expoacademia.aitera.eu\/wp-content\/uploads\/2026\/01\/28-diena-19-1024x684.jpg 1024w, https:\/\/expoacademia.aitera.eu\/wp-content\/uploads\/2026\/01\/28-diena-19-768x513.jpg 768w, https:\/\/expoacademia.aitera.eu\/wp-content\/uploads\/2026\/01\/28-diena-19-1536x1025.jpg 1536w, https:\/\/expoacademia.aitera.eu\/wp-content\/uploads\/2026\/01\/28-diena-19-18x12.jpg 18w, https:\/\/expoacademia.aitera.eu\/wp-content\/uploads\/2026\/01\/28-diena-19.webp 1920w\" sizes=\"(max-width: 531px) 100vw, 531px\" \/>Vytauto Did\u017eiojo universiteto \u017dem\u0117s \u016bkio akademija (VDU \u017d\u016aA) Verslo ir socialin\u0117s partneryst\u0117s centras ir Gyv\u016bn\u0173 produkcijos tyrim\u0173 ir inovacij\u0173 centras \u012fgyvendina 3 projektus: 1) \u201eProfesini\u0173 kompetencij\u0173 ir \u012fg\u016bd\u017ei\u0173 tobulinimas \u017eem\u0117s \u016bkio sektoriuje dirbantiems asmenims\u201c Nr. 24PM-KK-23-1-KK-90006 pagal Lietuvos \u017eem\u0117s \u016bkio ir kaimo pl\u0117tros 2023\u20132027 met\u0173 strateginio plano intervencin\u0119 priemon\u0119 \u201eMokymai ir \u012fg\u016bd\u017ei\u0173 \u012fgijimas\u201c remiamas Europos \u017dem\u0117s \u016bkio fondo kaimo pl\u0117trai ir Lietuvos Respublikos valstyb\u0117s l\u0117\u0161omis ir 2)\u00a0\u201e\u017dem\u0117s \u016bkio sektoriaus specialist\u0173 ir kit\u0173 suinteresuot\u0173 asmen\u0173 profesini\u0173 kompetencij\u0173 ir \u012fg\u016bd\u017ei\u0173 tobulinimas\u201c Nr. 24PM-KK-24-1-07468-PR001\u00a0ir 3) \u201eAsmen\u0173 u\u017esiiman\u010di\u0173 \u017eem\u0117s \u016bkio veikla kompetencij\u0173 tobulinimas tvarios augalininkyst\u0117s, gyvulininkyst\u0117s ir ekologinio \u016bkininkavimo srityse\u201c pagal Lietuvos kaimo pl\u0117tros 2014\u20132020 met\u0173 programos priemon\u0117s \u201e\u017dini\u0173 perdavimas ir informavimo veikla\u201c veiklos srit\u012f \u201eParama profesiniam mokymui ir \u012fg\u016bd\u017eiams \u012fgyti\u201c. \u0160i\u0173 projekt\u0173 metu bus suorganizuoti apie 500 mokym\u0173 kurs\u0173 visose Lietuvos savivaldyb\u0117se.\u00a0<span style=\"color: #333399;\"><a style=\"color: #333399;\" href=\"https:\/\/forms.office.com\/pages\/responsepage.aspx?id=iRNwEFtPeEC66iCeOcYhDgCODSWapY9Lpars3Y37ptdUNzFVQlhZR1JPSk44SkxDRDZONUdIR0pTTy4u\"><strong>APKLAUSA<\/strong><\/a><\/span><\/p><p><strong>Tikslin\u0117 grup\u0117:\u00a0<\/strong>\u016bkininkai, \u017dem\u0117s \u016bkio ir kaimo verslo vald\u0173 registro informacin\u0117je sistemoje registruoti j\u0173 \u0161eimos nariai, \u016bkinink\u0173 partneriai, \u016bkio darbuotojai, kiti fiziniai ar juridiniai asmenys, u\u017esiimantys \u017eem\u0117s, maisto ir mi\u0161k\u0173 \u016bkio veikla, taip pat kaimo vietov\u0117se \u016bkine veikla u\u017esiimantys \u017eem\u0117s valdytojai, labai ma\u017e\u0173, ma\u017e\u0173 ir vidutini\u0173 \u012fmoni\u0173 darbuotojai bei amatininkai.<\/p><p><strong>Vytauto Did\u017eiojo universiteto \u017dem\u0117s \u016bkio akademija kvie\u010dia \u012f nemokamus mokymo kursus:<\/strong><\/p><ul><li><span style=\"color: #333399;\"><a style=\"color: #333399;\" href=\"https:\/\/zua.vdu.lt\/wp-content\/uploads\/2025\/10\/9_Rakstys-Sakiu-r_lapkricio-2728.jpg\">Lapkri\u010dio 27, 28 d., \u016akininkavimo rizikos vertinimas ir jos valdymas, siekiant didinti \u016bki\u0173 atsparum\u0105 ir konkurencingum\u0105 (kodas \u2013 50810005), \u0160aki\u0173 r., Kudirkos Naumiestis<\/a><\/span><\/li><li><span style=\"color: #333399;\"><a style=\"color: #333399;\" href=\"https:\/\/zua.vdu.lt\/wp-content\/uploads\/2025\/10\/10_Martirosian-Vilniaus-r_lapkricio-28.jpg\">Lapkri\u010dio 28 d., Efektyvus finans\u0173 valdymas \u016bkininko \u016bkyje (kodas \u2013 396041116), Vilniaus r.\u00a0<\/a><\/span><\/li><li><span style=\"color: #333399;\"><a style=\"color: #333399;\" href=\"https:\/\/zua.vdu.lt\/wp-content\/uploads\/2025\/11\/1_Makuteniene-Kauno-r_gruodzio-4.jpg\">Gruod\u017eio 4 d., Tvarus ir bioekonomikos principais paremtas \u016bkininkavimas (kodas \u00a0\u2013 296031103),\u00a0 Kauno r.\u00a0\u00a0<\/a><\/span><\/li><li><span style=\"color: #333399;\"><a style=\"color: #333399;\" href=\"https:\/\/zua.vdu.lt\/wp-content\/uploads\/2025\/11\/2_Ivaviciute-gruodzio-9.jpg\">Gruod\u017eio 9 d., \u017dem\u0117s \u016bkis ir biologin\u0117s \u012fvairov\u0117s i\u0161saugojimas k\u0105 turi \u017einoti \u016bkininkai, tvarkantys EB svarbos buveines (kodas \u2013 50520001), (Nuotoliniu b\u016bdu)<\/a><\/span><\/li><li><span style=\"color: #333399;\"><a style=\"color: #333399;\" href=\"https:\/\/zua.vdu.lt\/wp-content\/uploads\/2025\/11\/3_Makuteniene-Kedainiu-r_gruodzio-10.jpg\">Gruod\u017eio 10 d., Tvarus ir bioekonomikos principais paremtas \u016bkininkavimas (kodas \u00a0\u2013 296031103),\u00a0 K\u0117daini\u0173 r.\u00a0 \u00a0<\/a><\/span><\/li><li><span style=\"color: #333399;\"><a style=\"color: #333399;\" href=\"https:\/\/zua.vdu.lt\/wp-content\/uploads\/2025\/11\/4_Sarauskis-Trakai_gruodzio-10.jpg\">Gruod\u017eio 10 d., \u017dem\u0117s \u016bkio verslo subjekt\u0173 apskaita ir apmokestinimo aktualijos (kodas \u2013 40411001),\u00a0 Trakai<\/a><\/span><\/li><li><span style=\"color: #333399;\"><a style=\"color: #333399;\" href=\"https:\/\/zua.vdu.lt\/wp-content\/uploads\/2025\/11\/5_Rakstys-Kauno-r_gruodzio-1112.jpg\">Gruod\u017eio 11, 12 d., \u016akininkavimo rizikos vertinimas ir jos valdymas, siekiant didinti \u016bki\u0173 atsparum\u0105 ir konkurencingum\u0105 (kodas \u2013 50810005),\u00a0 Kauno r.<\/a><\/span><\/li><li><span style=\"color: #333399;\"><a style=\"color: #333399;\" href=\"https:\/\/zua.vdu.lt\/wp-content\/uploads\/2025\/11\/6_Ivaviciute-gruodzio-12.jpg\">Gruod\u017eio 12 d., \u017dem\u0117s \u016bkis ir biologin\u0117s \u012fvairov\u0117s i\u0161saugojimas k\u0105 turi \u017einoti \u016bkininkai, tvarkantys EB svarbos buveines (kodas \u2013 50520001), (Nuotoliniu b\u016bdu)<\/a><\/span><\/li><li><span style=\"color: #333399;\"><a style=\"color: #333399;\" href=\"https:\/\/zua.vdu.lt\/wp-content\/uploads\/2025\/11\/7_Ivaviciute-gruodzio-16.jpg\">Gruod\u017eio 16 d., \u017dem\u0117s \u016bkis ir biologin\u0117s \u012fvairov\u0117s i\u0161saugojimas k\u0105 turi \u017einoti \u016bkininkai, tvarkantys EB svarbos buveines (kodas \u2013 50520001), (Nuotoliniu b\u016bdu)<\/a><\/span><\/li><li><span style=\"color: #333399;\"><a style=\"color: #333399;\" href=\"https:\/\/zua.vdu.lt\/wp-content\/uploads\/2025\/11\/8_Ivaviciute-gruodzio-19.jpg\">Gruod\u017eio 19 d., \u017dem\u0117s \u016bkis ir biologin\u0117s \u012fvairov\u0117s i\u0161saugojimas k\u0105 turi \u017einoti \u016bkininkai, tvarkantys EB svarbos buveines (kodas \u2013 50520001), (Nuotoliniu b\u016bdu)<\/a><\/span><\/li><\/ul><p><strong><br \/>D\u0117l registracijos ar papildomos informacijos kreiptis el. pa\u0161tu:\u00a0\u00a0<\/strong><span style=\"color: #333399;\"><a style=\"color: #333399;\" href=\"mailto:debora.augutyte@vdu.lt%20%C2%A0\">debora.augutyte@vdu.lt<\/a>, \u00a0<a style=\"color: #333399;\" href=\"mailto:zivile.cerniauskiene@vdu.lt\">zivile.cerniauskiene@vdu.lt<\/a>\u00a0,\u00a0<a style=\"color: #333399;\" href=\"mailto:ramune.daunoraviciene@vdu.lt\">ramune.daunoraviciene@vdu.lt<\/a><\/span> (kontaktas nurodytas mokym\u0173 skelbime, paspaudus ant dominan\u010di\u0173 mokym\u0173 nuorodos).<strong>\u00a0<\/strong><\/p>\t\t\t\t\t\t\t\t<\/div>\n\t\t\t\t\t<\/div>\n\t\t\t\t<\/div>\n\t\t\t\t<\/div>\n\t\t\t\t\t<\/div>\n\t\t\t\t<\/div>\n\t\t<div data-particle_enable=\"false\" data-particle-mobile-disabled=\"false\" class=\"elementor-element elementor-element-bcadc82 e-flex e-con-boxed e-con e-parent\" data-id=\"bcadc82\" data-element_type=\"container\" data-e-type=\"container\">\n\t\t\t\t\t<div class=\"e-con-inner\">\n\t\t<div data-particle_enable=\"false\" data-particle-mobile-disabled=\"false\" class=\"elementor-element elementor-element-8ea5412 e-con-full e-flex e-con e-child\" data-id=\"8ea5412\" data-element_type=\"container\" data-e-type=\"container\">\n\t\t\t\t<div class=\"elementor-element elementor-element-61ab53d elementor-widget elementor-widget-image\" data-id=\"61ab53d\" data-element_type=\"widget\" data-e-type=\"widget\" data-widget_type=\"image.default\">\n\t\t\t\t\t\t\t\t\t\t\t\t\t\t\t<img decoding=\"async\" width=\"606\" height=\"51\" src=\"https:\/\/expoacademia.aitera.eu\/wp-content\/uploads\/2026\/03\/2026-03-03_12-40-40.png\" class=\"attachment-full size-full wp-image-1137\" alt=\"\" srcset=\"https:\/\/expoacademia.aitera.eu\/wp-content\/uploads\/2026\/03\/2026-03-03_12-40-40.png 606w, https:\/\/expoacademia.aitera.eu\/wp-content\/uploads\/2026\/03\/2026-03-03_12-40-40-300x25.png 300w, https:\/\/expoacademia.aitera.eu\/wp-content\/uploads\/2026\/03\/2026-03-03_12-40-40-18x2.png 18w\" sizes=\"(max-width: 606px) 100vw, 606px\" \/>\t\t\t\t\t\t\t\t\t\t\t\t\t\t\t<\/div>\n\t\t\t\t<\/div>\n\t\t\t\t<div class=\"elementor-element elementor-element-6a50024 elementor-widget elementor-widget-spacer\" data-id=\"6a50024\" data-element_type=\"widget\" data-e-type=\"widget\" data-widget_type=\"spacer.default\">\n\t\t\t\t\t\t\t<div class=\"elementor-spacer\">\n\t\t\t<div class=\"elementor-spacer-inner\"><\/div>\n\t\t<\/div>\n\t\t\t\t\t\t<\/div>\n\t\t\t\t\t<\/div>\n\t\t\t\t<\/div>\n\t\t\t\t<\/div>","protected":false},"excerpt":{"rendered":"<p>Vytauto Did\u017eiojo universiteto \u017dem\u0117s \u016bkio akademija (VDU \u017d\u016aA) Verslo ir socialin\u0117s partneryst\u0117s centras ir Gyv\u016bn\u0173 produkcijos tyrim\u0173 ir inovacij\u0173 centras \u012fgyvendina 3 projektus: 1) \u201eProfesini\u0173 kompetencij\u0173 ir \u012fg\u016bd\u017ei\u0173 tobulinimas \u017eem\u0117s \u016bkio sektoriuje dirbantiems asmenims\u201c Nr. 24PM-KK-23-1-KK-90006 pagal Lietuvos \u017eem\u0117s \u016bkio ir kaimo pl\u0117tros 2023\u20132027 met\u0173 strateginio plano intervencin\u0119 priemon\u0119 \u201eMokymai ir \u012fg\u016bd\u017ei\u0173 \u012fgijimas\u201c remiamas Europos [&hellip;]<\/p>\n","protected":false},"author":1,"featured_media":0,"parent":0,"menu_order":0,"comment_status":"closed","ping_status":"closed","template":"","meta":{"_acf_changed":false,"rs_blank_template":"","rs_page_bg_color":"","slide_template_v7":"","footnotes":""},"class_list":["post-841","page","type-page","status-publish","hentry"],"acf":[],"_links":{"self":[{"href":"https:\/\/expoacademia.aitera.eu\/en\/wp-json\/wp\/v2\/pages\/841","targetHints":{"allow":["GET"]}}],"collection":[{"href":"https:\/\/expoacademia.aitera.eu\/en\/wp-json\/wp\/v2\/pages"}],"about":[{"href":"https:\/\/expoacademia.aitera.eu\/en\/wp-json\/wp\/v2\/types\/page"}],"author":[{"embeddable":true,"href":"https:\/\/expoacademia.aitera.eu\/en\/wp-json\/wp\/v2\/users\/1"}],"replies":[{"embeddable":true,"href":"https:\/\/expoacademia.aitera.eu\/en\/wp-json\/wp\/v2\/comments?post=841"}],"version-history":[{"count":18,"href":"https:\/\/expoacademia.aitera.eu\/en\/wp-json\/wp\/v2\/pages\/841\/revisions"}],"predecessor-version":[{"id":1652,"href":"https:\/\/expoacademia.aitera.eu\/en\/wp-json\/wp\/v2\/pages\/841\/revisions\/1652"}],"wp:attachment":[{"href":"https:\/\/expoacademia.aitera.eu\/en\/wp-json\/wp\/v2\/media?parent=841"}],"curies":[{"name":"wp","href":"https:\/\/api.w.org\/{rel}","templated":true}]}}