{"id":721,"date":"2026-02-10T10:57:43","date_gmt":"2026-02-10T08:57:43","guid":{"rendered":"https:\/\/expoacademia.aitera.eu\/?page_id=721"},"modified":"2026-04-16T20:33:04","modified_gmt":"2026-04-16T18:33:04","slug":"apie-mus","status":"publish","type":"page","link":"https:\/\/expoacademia.aitera.eu\/en\/apie-mus\/","title":{"rendered":"About us"},"content":{"rendered":"<div data-elementor-type=\"wp-page\" data-elementor-id=\"721\" class=\"elementor elementor-721\" data-elementor-post-type=\"page\">\n\t\t\t\t<div data-particle_enable=\"false\" data-particle-mobile-disabled=\"false\" class=\"elementor-element elementor-element-24fac20 e-flex e-con-boxed e-con e-parent\" data-id=\"24fac20\" data-element_type=\"container\" data-e-type=\"container\">\n\t\t\t\t\t<div class=\"e-con-inner\">\n\t\t<div data-particle_enable=\"false\" data-particle-mobile-disabled=\"false\" class=\"elementor-element elementor-element-a884a2d e-con-full e-flex e-con e-child\" data-id=\"a884a2d\" data-element_type=\"container\" data-e-type=\"container\">\n\t\t<div data-particle_enable=\"false\" data-particle-mobile-disabled=\"false\" class=\"elementor-element elementor-element-90baaf5 e-con-full elementor-hidden-mobile e-flex e-con e-child\" data-id=\"90baaf5\" data-element_type=\"container\" data-e-type=\"container\">\n\t\t<div data-particle_enable=\"false\" data-particle-mobile-disabled=\"false\" class=\"elementor-element elementor-element-47c44b4 e-flex e-con-boxed e-con e-child\" data-id=\"47c44b4\" data-element_type=\"container\" data-e-type=\"container\" data-settings=\"{&quot;background_background&quot;:&quot;classic&quot;}\">\n\t\t\t\t\t<div class=\"e-con-inner\">\n\t\t<div data-particle_enable=\"false\" data-particle-mobile-disabled=\"false\" class=\"elementor-element elementor-element-1e97c01 e-con-full e-flex e-con e-child\" data-id=\"1e97c01\" data-element_type=\"container\" data-e-type=\"container\">\n\t\t\t\t<div class=\"elementor-element elementor-element-99461e7 elementor-widget__width-initial elementor-widget-divider--view-line elementor-widget elementor-widget-divider\" data-id=\"99461e7\" data-element_type=\"widget\" data-e-type=\"widget\" data-widget_type=\"divider.default\">\n\t\t\t\t\t\t\t<div class=\"elementor-divider\">\n\t\t\t<span class=\"elementor-divider-separator\">\n\t\t\t\t\t\t<\/span>\n\t\t<\/div>\n\t\t\t\t\t\t<\/div>\n\t\t\t\t<\/div>\n\t\t<div data-particle_enable=\"false\" data-particle-mobile-disabled=\"false\" class=\"elementor-element elementor-element-4bf028d e-flex e-con-boxed e-con e-child\" data-id=\"4bf028d\" data-element_type=\"container\" data-e-type=\"container\">\n\t\t\t\t\t<div class=\"e-con-inner\">\n\t\t\t\t<div class=\"elementor-element elementor-element-7117418 elementor-widget-divider--view-line_text elementor-widget-divider--element-align-left elementor-widget elementor-widget-divider\" data-id=\"7117418\" data-element_type=\"widget\" data-e-type=\"widget\" data-widget_type=\"divider.default\">\n\t\t\t\t\t\t\t<div class=\"elementor-divider\">\n\t\t\t<span class=\"elementor-divider-separator\">\n\t\t\t\t\t\t\t<span class=\"elementor-divider__text elementor-divider__element\">\n\t\t\t\tAbout us\t\t\t\t<\/span>\n\t\t\t\t\t\t<\/span>\n\t\t<\/div>\n\t\t\t\t\t\t<\/div>\n\t\t\t\t\t<\/div>\n\t\t\t\t<\/div>\n\t\t\t\t\t<\/div>\n\t\t\t\t<\/div>\n\t\t\t\t<\/div>\n\t\t\t\t<\/div>\n\t\t\t\t\t<\/div>\n\t\t\t\t<\/div>\n\t\t<div data-particle_enable=\"false\" data-particle-mobile-disabled=\"false\" class=\"elementor-element elementor-element-9081b63 e-flex e-con-boxed e-con e-parent\" data-id=\"9081b63\" data-element_type=\"container\" data-e-type=\"container\">\n\t\t\t\t\t<div class=\"e-con-inner\">\n\t\t<div data-particle_enable=\"false\" data-particle-mobile-disabled=\"false\" class=\"elementor-element elementor-element-db4394e elementor-hidden-desktop elementor-hidden-tablet e-con-full e-flex e-con e-child\" data-id=\"db4394e\" data-element_type=\"container\" data-e-type=\"container\" data-settings=\"{&quot;background_background&quot;:&quot;classic&quot;}\">\n\t\t\t\t<div class=\"elementor-element elementor-element-4664f2c elementor-widget-divider--view-line_text elementor-widget__width-auto elementor-widget-divider--element-align-center elementor-widget elementor-widget-divider\" data-id=\"4664f2c\" data-element_type=\"widget\" data-e-type=\"widget\" data-widget_type=\"divider.default\">\n\t\t\t\t\t\t\t<div class=\"elementor-divider\">\n\t\t\t<span class=\"elementor-divider-separator\">\n\t\t\t\t\t\t\t<span class=\"elementor-divider__text elementor-divider__element\">\n\t\t\t\tAbout us\t\t\t\t<\/span>\n\t\t\t\t\t\t<\/span>\n\t\t<\/div>\n\t\t\t\t\t\t<\/div>\n\t\t\t\t<\/div>\n\t\t\t\t\t<\/div>\n\t\t\t\t<\/div>\n\t\t<div data-particle_enable=\"false\" data-particle-mobile-disabled=\"false\" class=\"elementor-element elementor-element-31404ee e-flex e-con-boxed e-con e-parent\" data-id=\"31404ee\" data-element_type=\"container\" data-e-type=\"container\">\n\t\t\t\t\t<div class=\"e-con-inner\">\n\t\t<div data-particle_enable=\"false\" data-particle-mobile-disabled=\"false\" class=\"elementor-element elementor-element-54be8da e-con-full e-flex e-con e-child\" data-id=\"54be8da\" data-element_type=\"container\" data-e-type=\"container\" data-settings=\"{&quot;background_background&quot;:&quot;classic&quot;}\">\n\t\t<div data-particle_enable=\"false\" data-particle-mobile-disabled=\"false\" class=\"elementor-element elementor-element-5fc14b7 e-con-full e-flex e-con e-child\" data-id=\"5fc14b7\" data-element_type=\"container\" data-e-type=\"container\">\n\t\t<div data-particle_enable=\"false\" data-particle-mobile-disabled=\"false\" class=\"elementor-element elementor-element-851351d e-con-full e-flex e-con e-child\" data-id=\"851351d\" data-element_type=\"container\" data-e-type=\"container\">\n\t\t\t\t<div class=\"elementor-element elementor-element-0355c6b elementor-widget elementor-widget-image\" data-id=\"0355c6b\" data-element_type=\"widget\" data-e-type=\"widget\" data-widget_type=\"image.default\">\n\t\t\t\t\t\t\t\t\t\t\t\t\t\t\t<img fetchpriority=\"high\" decoding=\"async\" width=\"1920\" height=\"649\" src=\"https:\/\/expoacademia.aitera.eu\/wp-content\/uploads\/2026\/01\/VSPC-LT-Juodas.webp\" class=\"attachment-full size-full wp-image-44\" alt=\"\" srcset=\"https:\/\/expoacademia.aitera.eu\/wp-content\/uploads\/2026\/01\/VSPC-LT-Juodas.webp 1920w, https:\/\/expoacademia.aitera.eu\/wp-content\/uploads\/2026\/01\/VSPC-LT-Juodas-300x101.png 300w, https:\/\/expoacademia.aitera.eu\/wp-content\/uploads\/2026\/01\/VSPC-LT-Juodas-1024x346.png 1024w, https:\/\/expoacademia.aitera.eu\/wp-content\/uploads\/2026\/01\/VSPC-LT-Juodas-768x260.png 768w, https:\/\/expoacademia.aitera.eu\/wp-content\/uploads\/2026\/01\/VSPC-LT-Juodas-1536x519.png 1536w, https:\/\/expoacademia.aitera.eu\/wp-content\/uploads\/2026\/01\/VSPC-LT-Juodas-2048x692.png 2048w\" sizes=\"(max-width: 1920px) 100vw, 1920px\" \/>\t\t\t\t\t\t\t\t\t\t\t\t\t\t\t<\/div>\n\t\t\t\t<\/div>\n\t\t\t\t<div class=\"elementor-element elementor-element-36194be elementor-widget elementor-widget-image\" data-id=\"36194be\" data-element_type=\"widget\" data-e-type=\"widget\" data-widget_type=\"image.default\">\n\t\t\t\t\t\t\t\t\t\t\t\t\t\t\t<img decoding=\"async\" width=\"640\" height=\"324\" src=\"https:\/\/expoacademia.aitera.eu\/wp-content\/uploads\/2026\/02\/640x324_VSPC.webp\" class=\"attachment-full size-full wp-image-827\" alt=\"\" srcset=\"https:\/\/expoacademia.aitera.eu\/wp-content\/uploads\/2026\/02\/640x324_VSPC.webp 640w, https:\/\/expoacademia.aitera.eu\/wp-content\/uploads\/2026\/02\/640x324_VSPC-300x152.webp 300w, https:\/\/expoacademia.aitera.eu\/wp-content\/uploads\/2026\/02\/640x324_VSPC-18x9.jpg 18w\" sizes=\"(max-width: 640px) 100vw, 640px\" \/>\t\t\t\t\t\t\t\t\t\t\t\t\t\t\t<\/div>\n\t\t\t\t<\/div>\n\t\t\t\t<\/div>\n\t\t\t\t\t<\/div>\n\t\t\t\t<\/div>\n\t\t<div data-particle_enable=\"false\" data-particle-mobile-disabled=\"false\" class=\"elementor-element elementor-element-330a8b3 e-flex e-con-boxed e-con e-parent\" data-id=\"330a8b3\" data-element_type=\"container\" data-e-type=\"container\">\n\t\t\t\t\t<div class=\"e-con-inner\">\n\t\t<div data-particle_enable=\"false\" data-particle-mobile-disabled=\"false\" class=\"elementor-element elementor-element-b14faad e-flex e-con-boxed e-con e-child\" data-id=\"b14faad\" data-element_type=\"container\" data-e-type=\"container\">\n\t\t\t\t\t<div class=\"e-con-inner\">\n\t\t\t\t<div class=\"elementor-element elementor-element-33359ff elementor-widget elementor-widget-text-editor\" data-id=\"33359ff\" data-element_type=\"widget\" data-e-type=\"widget\" data-widget_type=\"text-editor.default\">\n\t\t\t\t\t\t\t\t\t<p><a title=\"Verslo ir socialin\u0117s partneryst\u0117s centras\" href=\"https:\/\/expoacademia.lt\/lt-verslo-ir-socialines-partnerystes-centras-expo-akademija\"><span style=\"color: #99cc00;\">Verslo ir socialin\u0117s partneryst\u0117s centras<\/span><\/a>\u00a0(toliau \u2013 VSPC) yra VDU \u017dem\u0117s \u016bkio akademijos (toliau \u2013 Akademija) neakademinis padalinys, \u012fkurtas pertvarkius prie\u0161 tai veikus\u012f \u017dem\u0117s \u016bkio mokslo ir technologij\u0173 park\u0105 (toliau \u2013 \u017d\u016aMTP).<\/p><p>VSPC tikslas \u2013 sudaryti kuo palankesnes s\u0105lygas Akademijos bendradarbiavimui su verslu ir socialiniais partneriais. Siekiame, kad \u010dia b\u016bt\u0173 dalinamasi \u017einiomis ir id\u0117jomis, u\u017emezgami svarb\u016bs kontaktai, vykt\u0173 \u012fvairios veiklos.<\/p><p>I\u0161laikydami senus ir pritraukdami naujus partnerius ir klientus, stengiam\u0117s, kad visuomen\u0117 ne tik\u00a0 pamatyt\u0173, i\u0161girst\u0173, bet ir patys i\u0161m\u0117gint\u0173 pristatomas naujoves. Puikus jau \u012fgyvendintos partneryst\u0117s su verslu pavyzdys \u2013 Akademijos\u00a0<span style=\"color: #99cc00;\"><a style=\"color: #99cc00;\" title=\"infrastrukt\u016bros gerinimas\" href=\"https:\/\/expoacademia.lt\/lt-infrastrukturos-gerinimas-expo-akademija\">infrastrukt\u016bros gerinimas<\/a>\u00a0(<a style=\"color: #99cc00;\" href=\"https:\/\/youtu.be\/GF8jYgzFtd8\">video<\/a>).<\/span><\/p><p>Pla\u010diausiai visuomen\u0117je matoma m\u016bs\u0173 veikla yra parod\u0173 organizavimas. I\u0161 viso Akademijoje jau suorganizuota daugiau kaip 100\u00a0<span style=\"color: #99cc00;\"><a style=\"color: #99cc00;\" title=\"nacionalinio ir tarptautinio lygmens parod\u0173\" href=\"https:\/\/expoacademia.lt\/lt-nacionalinio-ir-tarptautinio-lygmens-parodu-expo-akademija\">nacionalinio ir tarptautinio lygmens parod\u0173<\/a><\/span>\u00a0ir kit\u0173 rengini\u0173.<\/p><p>Did\u017eiuojam\u0117s b\u016bdami did\u017eiausios Baltijos \u0161alyse tarptautin\u0117s \u017eem\u0117s \u016bkio parodos \u201eK\u0105 pas\u0117si&#8230;\u201c organizatoriai. Daugiau nei 25-erius metus rengiamoje parodoje pastaruoju metu dalyvauja apie 200 verslo subjekt\u0173 i\u0161 Lietuvos bei u\u017esienio ir dar antra tiek smulki\u0173j\u0173 amatinink\u0173, sodinink\u0173, tautinio paveldo puosel\u0117toj\u0173. Parod\u0105 kaskart aplanko apie 60\u00a0000 lankytoj\u0173 ne tik i\u0161 Lietuvos, bet ir kaimynini\u0173 \u0161ali\u0173.<\/p><p>Negalime nepasid\u017eiaugti, kad mes buvome\u00a0<span style=\"color: #99cc00;\"><a style=\"color: #99cc00;\" title=\"LR Prezidento taur\u0117s konk\u016br\u0173\" href=\"https:\/\/expoacademia.lt\/lt-lr-prezidento-taures-konkuru-expo-akademija\">LR Prezidento taur\u0117s konk\u016br\u0173<\/a><\/span>\u00a0ir\u00a0<span style=\"color: #99cc00;\"><a style=\"color: #99cc00;\" title=\"Pasaulini\u0173 arimo var\u017eyb\u0173\" href=\"https:\/\/expoacademia.lt\/lt-pasauliniu-arimo-varzybu-expo-akademija\">Pasaulini\u0173 arimo var\u017eyb\u0173<\/a><\/span>, vykusi\u0173 2007 metais, organizatoriai.<\/p><p>Parod\u0173 metu surengta daugiau kaip 1700 seminar\u0173, tai Akademijoje rengiamas parodas pavert\u0117 unikaliu\u00a0<a title=\"\u0161vie\u010diamojo pob\u016bd\u017eio renginiu\" href=\"https:\/\/expoacademia.lt\/lt-svieciamojo-pobudzio-renginiu-expo-akademija\"><span style=\"color: #99cc00;\">\u0161vie\u010diamojo pob\u016bd\u017eio<\/span> <span style=\"color: #99cc00;\">renginiu<\/span><\/a>\u00a0\u017eem\u0117s \u016bkio srityje.\u00a0\u00a0U\u017e inovatyviausius, pa\u017eangiausius, i\u0161skirtinius eksponatus\u00a0 dalyviams buvo \u012fteikta daugiau nei 300 laureat\u0173 medali\u0173. Laureatus atrenka kompetentinga eksponat\u0173 vertinimo komisija.<\/p><p>\u017dem\u0117s \u016bkio akademijoje rengiamas parodas aplanko<span style=\"color: #99cc00;\">\u00a0<a style=\"color: #99cc00;\" title=\"auk\u0161\u010diausieji valstyb\u0117s vadovai\" href=\"https:\/\/expoacademia.lt\/lt-auksciausieji-valstybes-vadovai-expo-akademija\">auk\u0161\u010diausieji valstyb\u0117s vadovai<\/a>.<\/span><\/p><p>VSPC yra atviras naujoms bendros veiklos id\u0117joms. Jeigu turite pasi\u016blym\u0173 ir ie\u0161kote partneri\u0173, kurie gal\u0117t\u0173 pad\u0117ti juos \u012fgyvendinti \u2013 laukiame J\u016bs\u0173!<\/p><p><span style=\"color: #99cc00;\"><a style=\"color: #99cc00;\" href=\"https:\/\/expoacademia.lt\/pictures\/CMS_kiti_failai\/ZUA_VSPC_strateginis_planas_2021-2024.pdf\">Verslo ir socialin\u0117s partneryst\u0117s centro 2022-2024 met\u0173 veiklos strategija ir jos \u012fgyvendinimo planas<\/a><\/span><\/p>\t\t\t\t\t\t\t\t<\/div>\n\t\t\t\t\t<\/div>\n\t\t\t\t<\/div>\n\t\t\t\t\t<\/div>\n\t\t\t\t<\/div>\n\t\t<div data-particle_enable=\"false\" data-particle-mobile-disabled=\"false\" class=\"elementor-element elementor-element-4934cce e-flex e-con-boxed e-con e-parent\" data-id=\"4934cce\" data-element_type=\"container\" data-e-type=\"container\">\n\t\t\t\t\t<div class=\"e-con-inner\">\n\t\t\t\t<div class=\"elementor-element elementor-element-6510ca7 elementor-widget elementor-widget-spacer\" data-id=\"6510ca7\" data-element_type=\"widget\" data-e-type=\"widget\" data-widget_type=\"spacer.default\">\n\t\t\t\t\t\t\t<div class=\"elementor-spacer\">\n\t\t\t<div class=\"elementor-spacer-inner\"><\/div>\n\t\t<\/div>\n\t\t\t\t\t\t<\/div>\n\t\t\t\t\t<\/div>\n\t\t\t\t<\/div>\n\t\t\t\t<\/div>","protected":false},"excerpt":{"rendered":"<p>Verslo ir socialin\u0117s partneryst\u0117s centras\u00a0(toliau \u2013 VSPC) yra VDU \u017dem\u0117s \u016bkio akademijos (toliau \u2013 Akademija) neakademinis padalinys, \u012fkurtas pertvarkius prie\u0161 tai veikus\u012f \u017dem\u0117s \u016bkio mokslo ir technologij\u0173 park\u0105 (toliau \u2013 \u017d\u016aMTP). VSPC tikslas \u2013 sudaryti kuo palankesnes s\u0105lygas Akademijos bendradarbiavimui su verslu ir socialiniais partneriais. Siekiame, kad \u010dia b\u016bt\u0173 dalinamasi \u017einiomis ir id\u0117jomis, u\u017emezgami svarb\u016bs [&hellip;]<\/p>\n","protected":false},"author":1,"featured_media":0,"parent":0,"menu_order":0,"comment_status":"closed","ping_status":"closed","template":"","meta":{"_acf_changed":false,"rs_blank_template":"","rs_page_bg_color":"","slide_template_v7":"","footnotes":""},"class_list":["post-721","page","type-page","status-publish","hentry"],"acf":[],"_links":{"self":[{"href":"https:\/\/expoacademia.aitera.eu\/en\/wp-json\/wp\/v2\/pages\/721","targetHints":{"allow":["GET"]}}],"collection":[{"href":"https:\/\/expoacademia.aitera.eu\/en\/wp-json\/wp\/v2\/pages"}],"about":[{"href":"https:\/\/expoacademia.aitera.eu\/en\/wp-json\/wp\/v2\/types\/page"}],"author":[{"embeddable":true,"href":"https:\/\/expoacademia.aitera.eu\/en\/wp-json\/wp\/v2\/users\/1"}],"replies":[{"embeddable":true,"href":"https:\/\/expoacademia.aitera.eu\/en\/wp-json\/wp\/v2\/comments?post=721"}],"version-history":[{"count":30,"href":"https:\/\/expoacademia.aitera.eu\/en\/wp-json\/wp\/v2\/pages\/721\/revisions"}],"predecessor-version":[{"id":1514,"href":"https:\/\/expoacademia.aitera.eu\/en\/wp-json\/wp\/v2\/pages\/721\/revisions\/1514"}],"wp:attachment":[{"href":"https:\/\/expoacademia.aitera.eu\/en\/wp-json\/wp\/v2\/media?parent=721"}],"curies":[{"name":"wp","href":"https:\/\/api.w.org\/{rel}","templated":true}]}}