{"id":1120,"date":"2026-03-03T12:37:51","date_gmt":"2026-03-03T10:37:51","guid":{"rendered":"https:\/\/expoacademia.aitera.eu\/?page_id=1120"},"modified":"2026-04-17T13:39:24","modified_gmt":"2026-04-17T11:39:24","slug":"projektai","status":"publish","type":"page","link":"https:\/\/expoacademia.aitera.eu\/en\/projektai\/","title":{"rendered":"Projektai"},"content":{"rendered":"<div data-elementor-type=\"wp-page\" data-elementor-id=\"1120\" class=\"elementor elementor-1120\" data-elementor-post-type=\"page\">\n\t\t\t\t<div data-particle_enable=\"false\" data-particle-mobile-disabled=\"false\" class=\"elementor-element elementor-element-c5c9c5a e-flex e-con-boxed e-con e-parent\" data-id=\"c5c9c5a\" data-element_type=\"container\" data-e-type=\"container\">\n\t\t\t\t\t<div class=\"e-con-inner\">\n\t\t<div data-particle_enable=\"false\" data-particle-mobile-disabled=\"false\" class=\"elementor-element elementor-element-1f2cb47 e-con-full e-flex e-con e-child\" data-id=\"1f2cb47\" data-element_type=\"container\" data-e-type=\"container\">\n\t\t<div data-particle_enable=\"false\" data-particle-mobile-disabled=\"false\" class=\"elementor-element elementor-element-afc146a e-con-full elementor-hidden-mobile e-flex e-con e-child\" data-id=\"afc146a\" data-element_type=\"container\" data-e-type=\"container\">\n\t\t<div data-particle_enable=\"false\" data-particle-mobile-disabled=\"false\" class=\"elementor-element elementor-element-8b682e0 e-flex e-con-boxed e-con e-child\" data-id=\"8b682e0\" data-element_type=\"container\" data-e-type=\"container\" data-settings=\"{&quot;background_background&quot;:&quot;classic&quot;}\">\n\t\t\t\t\t<div class=\"e-con-inner\">\n\t\t<div data-particle_enable=\"false\" data-particle-mobile-disabled=\"false\" class=\"elementor-element elementor-element-3f2574c e-con-full e-flex e-con e-child\" data-id=\"3f2574c\" data-element_type=\"container\" data-e-type=\"container\">\n\t\t\t\t<div class=\"elementor-element elementor-element-7b82346 elementor-widget__width-initial elementor-widget-divider--view-line elementor-widget elementor-widget-divider\" data-id=\"7b82346\" data-element_type=\"widget\" data-e-type=\"widget\" data-widget_type=\"divider.default\">\n\t\t\t\t\t\t\t<div class=\"elementor-divider\">\n\t\t\t<span class=\"elementor-divider-separator\">\n\t\t\t\t\t\t<\/span>\n\t\t<\/div>\n\t\t\t\t\t\t<\/div>\n\t\t\t\t<\/div>\n\t\t<div data-particle_enable=\"false\" data-particle-mobile-disabled=\"false\" class=\"elementor-element elementor-element-932d4d7 e-flex e-con-boxed e-con e-child\" data-id=\"932d4d7\" data-element_type=\"container\" data-e-type=\"container\">\n\t\t\t\t\t<div class=\"e-con-inner\">\n\t\t\t\t<div class=\"elementor-element elementor-element-126ce40 elementor-widget-divider--view-line_text elementor-widget-divider--element-align-left elementor-widget elementor-widget-divider\" data-id=\"126ce40\" data-element_type=\"widget\" data-e-type=\"widget\" data-widget_type=\"divider.default\">\n\t\t\t\t\t\t\t<div class=\"elementor-divider\">\n\t\t\t<span class=\"elementor-divider-separator\">\n\t\t\t\t\t\t\t<span class=\"elementor-divider__text elementor-divider__element\">\n\t\t\t\tProjektai\t\t\t\t<\/span>\n\t\t\t\t\t\t<\/span>\n\t\t<\/div>\n\t\t\t\t\t\t<\/div>\n\t\t\t\t\t<\/div>\n\t\t\t\t<\/div>\n\t\t\t\t\t<\/div>\n\t\t\t\t<\/div>\n\t\t\t\t<\/div>\n\t\t\t\t<\/div>\n\t\t\t\t\t<\/div>\n\t\t\t\t<\/div>\n\t\t<div data-particle_enable=\"false\" data-particle-mobile-disabled=\"false\" class=\"elementor-element elementor-element-9c1ed23 e-flex e-con-boxed e-con e-parent\" data-id=\"9c1ed23\" data-element_type=\"container\" data-e-type=\"container\">\n\t\t\t\t\t<div class=\"e-con-inner\">\n\t\t<div data-particle_enable=\"false\" data-particle-mobile-disabled=\"false\" class=\"elementor-element elementor-element-a5e78bc elementor-hidden-desktop elementor-hidden-tablet e-con-full e-flex e-con e-child\" data-id=\"a5e78bc\" data-element_type=\"container\" data-e-type=\"container\">\n\t\t\t\t<div class=\"elementor-element elementor-element-13daa36 elementor-widget-divider--view-line_text elementor-widget__width-auto elementor-widget-divider--element-align-center elementor-widget elementor-widget-divider\" data-id=\"13daa36\" data-element_type=\"widget\" data-e-type=\"widget\" data-widget_type=\"divider.default\">\n\t\t\t\t\t\t\t<div class=\"elementor-divider\">\n\t\t\t<span class=\"elementor-divider-separator\">\n\t\t\t\t\t\t\t<span class=\"elementor-divider__text elementor-divider__element\">\n\t\t\t\tProjektai\t\t\t\t<\/span>\n\t\t\t\t\t\t<\/span>\n\t\t<\/div>\n\t\t\t\t\t\t<\/div>\n\t\t\t\t<\/div>\n\t\t\t\t\t<\/div>\n\t\t\t\t<\/div>\n\t\t<div data-particle_enable=\"false\" data-particle-mobile-disabled=\"false\" class=\"elementor-element elementor-element-3d3b7c7 e-flex e-con-boxed e-con e-parent\" data-id=\"3d3b7c7\" data-element_type=\"container\" data-e-type=\"container\">\n\t\t\t\t\t<div class=\"e-con-inner\">\n\t\t<div data-particle_enable=\"false\" data-particle-mobile-disabled=\"false\" class=\"elementor-element elementor-element-b2995b9 e-con-full e-flex e-con e-child\" data-id=\"b2995b9\" data-element_type=\"container\" data-e-type=\"container\">\n\t\t<div data-particle_enable=\"false\" data-particle-mobile-disabled=\"false\" class=\"elementor-element elementor-element-82b77fa e-flex e-con-boxed e-con e-child\" data-id=\"82b77fa\" data-element_type=\"container\" data-e-type=\"container\" data-settings=\"{&quot;background_background&quot;:&quot;classic&quot;}\">\n\t\t\t\t\t<div class=\"e-con-inner\">\n\t\t\t\t<div class=\"elementor-element elementor-element-95d84c3 elementor-widget elementor-widget-text-editor\" data-id=\"95d84c3\" data-element_type=\"widget\" data-e-type=\"widget\" data-widget_type=\"text-editor.default\">\n\t\t\t\t\t\t\t\t\t<p><strong>Pradedamas \u012fgyvendinti projektas, skirtas \u012ftrauki\u0173 komunikacijos priemoni\u0173 \u012fgyvendinimui<\/strong><\/p><p><strong>Projekto tikslas<\/strong>\u00a0\u2013\u00a0 \u012fgyvendinti \u012ftraukias komunikacijos priemones, siekiant padidinti Lietuvos \u017eem\u0117s \u016bkio ir kaimo pl\u0117tros 2023-2027 met\u0173 strateginio plano \u017einomum\u0105, gerosios patirties sklaid\u0105 ir paskatinti visuomen\u0117s \u012fsitraukim\u0105 ir susidom\u0117jim\u0105.<\/p><p>\u0160iame projekte yra siekiama sukurti skirting\u0173 komunikacijos priemoni\u0173 rinkin\u012f, kuris prisid\u0117s prie skirting\u0173 SP priemoni\u0173 \u017einomumo didinimo. Projekto metus bus surengti 2 teminiai renginiai ir 5 seminar\u0173 \u2013 diskusij\u0173 ciklai aktualiomis temomis:<\/p><ol><li>Konferencija \u201eRegion\u0173 ateities forumas 2025\u201d;<\/li><li>Tarptautin\u0117 konferencija \u201eKaimo pl\u0117tra 2025: Atsparumas globaliems poky\u010diams\u201d;<\/li><li>5 seminar\u0173-diskusij\u0173 ciklas: \u201eKra\u0161tovaizdis, jo kaita ir apsauga\u201d.<br \/><br \/><\/li><\/ol><p>Pirmieji renginiai vyks jau baland\u017eio 4 d. ir baland\u017eio 24 d. Registracija: debora.augutyte@vdu.lt<\/p><p><strong>Projekto parei\u0161k\u0117jas:\u00a0<\/strong>Vytauto Did\u017eiojo universitetas<\/p><p><strong>Projekto \u012fgyvendinimo terminas:\u00a0<\/strong>2027 m. sausio 20 d.<\/p><p>Kilus klausimams d\u0117l projekto veikl\u0173, kreiptis:\u00a0<span style=\"color: #000080;\"><a style=\"color: #000080;\" href=\"mailto:debora.augutyte@vdu.lt\">debora.augutyte@vdu.lt<\/a><\/span><\/p><p>Projektas Nr. LKT-PK-24-2-06554-PR001\u201eKomunikacijos priemoni\u0173 \u012fgyvendinimas, siekiant Lietuvos \u017eem\u0117s \u016bkio ir kaimo pl\u0117tros 2023-2027 strateginio plano \u017einomumo didinimo, gerosios patirties sklaidos ir visuomen\u0117s \u012fsitraukimo skatinimo\u201c pagal Lietuvos \u017eem\u0117s \u016bkio ir kaimo pl\u0117tros 2023- 2027 strateginio plano technin\u0117s paramos veiklos srit\u012f \u201eLietuvos kaimo tinklas\u201c (rengini\u0173 komunikacijos priemon\u0117s).<\/p>\t\t\t\t\t\t\t\t<\/div>\n\t\t\t\t\t<\/div>\n\t\t\t\t<\/div>\n\t\t\t\t<\/div>\n\t\t\t\t\t<\/div>\n\t\t\t\t<\/div>\n\t\t<div data-particle_enable=\"false\" data-particle-mobile-disabled=\"false\" class=\"elementor-element elementor-element-764fdd3 e-flex e-con-boxed e-con e-parent\" data-id=\"764fdd3\" data-element_type=\"container\" data-e-type=\"container\">\n\t\t\t\t\t<div class=\"e-con-inner\">\n\t\t<div data-particle_enable=\"false\" data-particle-mobile-disabled=\"false\" class=\"elementor-element elementor-element-a9d85fe e-con-full e-flex e-con e-child\" data-id=\"a9d85fe\" data-element_type=\"container\" data-e-type=\"container\">\n\t\t\t\t<div class=\"elementor-element elementor-element-d62c711 elementor-widget elementor-widget-image\" data-id=\"d62c711\" data-element_type=\"widget\" data-e-type=\"widget\" data-widget_type=\"image.default\">\n\t\t\t\t\t\t\t\t\t\t\t\t\t\t\t<img fetchpriority=\"high\" decoding=\"async\" width=\"646\" height=\"92\" src=\"https:\/\/expoacademia.aitera.eu\/wp-content\/uploads\/2026\/03\/2026-03-03_12-39-49.png\" class=\"attachment-large size-large wp-image-1125\" alt=\"\" srcset=\"https:\/\/expoacademia.aitera.eu\/wp-content\/uploads\/2026\/03\/2026-03-03_12-39-49.png 646w, https:\/\/expoacademia.aitera.eu\/wp-content\/uploads\/2026\/03\/2026-03-03_12-39-49-300x43.png 300w, https:\/\/expoacademia.aitera.eu\/wp-content\/uploads\/2026\/03\/2026-03-03_12-39-49-18x3.png 18w\" sizes=\"(max-width: 646px) 100vw, 646px\" \/>\t\t\t\t\t\t\t\t\t\t\t\t\t\t\t<\/div>\n\t\t\t\t<\/div>\n\t\t\t\t\t<\/div>\n\t\t\t\t<\/div>\n\t\t<div data-particle_enable=\"false\" data-particle-mobile-disabled=\"false\" class=\"elementor-element elementor-element-8414a3f e-flex e-con-boxed e-con e-parent\" data-id=\"8414a3f\" data-element_type=\"container\" data-e-type=\"container\">\n\t\t\t\t\t<div class=\"e-con-inner\">\n\t\t\t\t<div class=\"elementor-element elementor-element-fafde24 elementor-widget elementor-widget-spacer\" data-id=\"fafde24\" data-element_type=\"widget\" data-e-type=\"widget\" data-widget_type=\"spacer.default\">\n\t\t\t\t\t\t\t<div class=\"elementor-spacer\">\n\t\t\t<div class=\"elementor-spacer-inner\"><\/div>\n\t\t<\/div>\n\t\t\t\t\t\t<\/div>\n\t\t\t\t\t<\/div>\n\t\t\t\t<\/div>\n\t\t\t\t<\/div>","protected":false},"excerpt":{"rendered":"<p>Pradedamas \u012fgyvendinti projektas, skirtas \u012ftrauki\u0173 komunikacijos priemoni\u0173 \u012fgyvendinimui Projekto tikslas\u00a0\u2013\u00a0 \u012fgyvendinti \u012ftraukias komunikacijos priemones, siekiant padidinti Lietuvos \u017eem\u0117s \u016bkio ir kaimo pl\u0117tros 2023-2027 met\u0173 strateginio plano \u017einomum\u0105, gerosios patirties sklaid\u0105 ir paskatinti visuomen\u0117s \u012fsitraukim\u0105 ir susidom\u0117jim\u0105. \u0160iame projekte yra siekiama sukurti skirting\u0173 komunikacijos priemoni\u0173 rinkin\u012f, kuris prisid\u0117s prie skirting\u0173 SP priemoni\u0173 \u017einomumo didinimo. Projekto metus [&hellip;]<\/p>\n","protected":false},"author":1,"featured_media":0,"parent":0,"menu_order":0,"comment_status":"closed","ping_status":"closed","template":"","meta":{"_acf_changed":false,"rs_blank_template":"","rs_page_bg_color":"","slide_template_v7":"","footnotes":""},"class_list":["post-1120","page","type-page","status-publish","hentry"],"acf":[],"_links":{"self":[{"href":"https:\/\/expoacademia.aitera.eu\/en\/wp-json\/wp\/v2\/pages\/1120","targetHints":{"allow":["GET"]}}],"collection":[{"href":"https:\/\/expoacademia.aitera.eu\/en\/wp-json\/wp\/v2\/pages"}],"about":[{"href":"https:\/\/expoacademia.aitera.eu\/en\/wp-json\/wp\/v2\/types\/page"}],"author":[{"embeddable":true,"href":"https:\/\/expoacademia.aitera.eu\/en\/wp-json\/wp\/v2\/users\/1"}],"replies":[{"embeddable":true,"href":"https:\/\/expoacademia.aitera.eu\/en\/wp-json\/wp\/v2\/comments?post=1120"}],"version-history":[{"count":6,"href":"https:\/\/expoacademia.aitera.eu\/en\/wp-json\/wp\/v2\/pages\/1120\/revisions"}],"predecessor-version":[{"id":1612,"href":"https:\/\/expoacademia.aitera.eu\/en\/wp-json\/wp\/v2\/pages\/1120\/revisions\/1612"}],"wp:attachment":[{"href":"https:\/\/expoacademia.aitera.eu\/en\/wp-json\/wp\/v2\/media?parent=1120"}],"curies":[{"name":"wp","href":"https:\/\/api.w.org\/{rel}","templated":true}]}}