{"id":1111,"date":"2026-03-03T12:33:58","date_gmt":"2026-03-03T10:33:58","guid":{"rendered":"https:\/\/expoacademia.aitera.eu\/?page_id=1111"},"modified":"2026-04-17T13:35:22","modified_gmt":"2026-04-17T11:35:22","slug":"konsultavimo-paslaugos","status":"publish","type":"page","link":"https:\/\/expoacademia.aitera.eu\/en\/konsultavimo-paslaugos\/","title":{"rendered":"Konsultavimo paslaugos"},"content":{"rendered":"<div data-elementor-type=\"wp-page\" data-elementor-id=\"1111\" class=\"elementor elementor-1111\" data-elementor-post-type=\"page\">\n\t\t\t\t<div data-particle_enable=\"false\" data-particle-mobile-disabled=\"false\" class=\"elementor-element elementor-element-3a9a25b e-flex e-con-boxed e-con e-parent\" data-id=\"3a9a25b\" data-element_type=\"container\" data-e-type=\"container\">\n\t\t\t\t\t<div class=\"e-con-inner\">\n\t\t<div data-particle_enable=\"false\" data-particle-mobile-disabled=\"false\" class=\"elementor-element elementor-element-6c2417f elementor-hidden-desktop elementor-hidden-tablet e-con-full e-flex e-con e-child\" data-id=\"6c2417f\" data-element_type=\"container\" data-e-type=\"container\">\n\t\t\t\t<div class=\"elementor-element elementor-element-79e3287 elementor-widget-divider--view-line_text elementor-widget__width-auto elementor-widget-divider--element-align-center elementor-widget elementor-widget-divider\" data-id=\"79e3287\" data-element_type=\"widget\" data-e-type=\"widget\" data-widget_type=\"divider.default\">\n\t\t\t\t\t\t\t<div class=\"elementor-divider\">\n\t\t\t<span class=\"elementor-divider-separator\">\n\t\t\t\t\t\t\t<span class=\"elementor-divider__text elementor-divider__element\">\n\t\t\t\tKonsultavimo paslaugos\t\t\t\t<\/span>\n\t\t\t\t\t\t<\/span>\n\t\t<\/div>\n\t\t\t\t\t\t<\/div>\n\t\t\t\t<\/div>\n\t\t\t\t\t<\/div>\n\t\t\t\t<\/div>\n\t\t<div data-particle_enable=\"false\" data-particle-mobile-disabled=\"false\" class=\"elementor-element elementor-element-e26d1c4 e-flex e-con-boxed e-con e-parent\" data-id=\"e26d1c4\" data-element_type=\"container\" data-e-type=\"container\">\n\t\t\t\t\t<div class=\"e-con-inner\">\n\t\t<div data-particle_enable=\"false\" data-particle-mobile-disabled=\"false\" class=\"elementor-element elementor-element-18831e3 e-con-full e-flex e-con e-child\" data-id=\"18831e3\" data-element_type=\"container\" data-e-type=\"container\">\n\t\t<div data-particle_enable=\"false\" data-particle-mobile-disabled=\"false\" class=\"elementor-element elementor-element-cbfe0d2 e-con-full elementor-hidden-mobile e-flex e-con e-child\" data-id=\"cbfe0d2\" data-element_type=\"container\" data-e-type=\"container\">\n\t\t<div data-particle_enable=\"false\" data-particle-mobile-disabled=\"false\" class=\"elementor-element elementor-element-2ea9d51 e-flex e-con-boxed e-con e-child\" data-id=\"2ea9d51\" data-element_type=\"container\" data-e-type=\"container\" data-settings=\"{&quot;background_background&quot;:&quot;classic&quot;}\">\n\t\t\t\t\t<div class=\"e-con-inner\">\n\t\t<div data-particle_enable=\"false\" data-particle-mobile-disabled=\"false\" class=\"elementor-element elementor-element-3f55e9c e-con-full e-flex e-con e-child\" data-id=\"3f55e9c\" data-element_type=\"container\" data-e-type=\"container\">\n\t\t\t\t<div class=\"elementor-element elementor-element-b4f2feb elementor-widget__width-initial elementor-widget-divider--view-line elementor-widget elementor-widget-divider\" data-id=\"b4f2feb\" data-element_type=\"widget\" data-e-type=\"widget\" data-widget_type=\"divider.default\">\n\t\t\t\t\t\t\t<div class=\"elementor-divider\">\n\t\t\t<span class=\"elementor-divider-separator\">\n\t\t\t\t\t\t<\/span>\n\t\t<\/div>\n\t\t\t\t\t\t<\/div>\n\t\t\t\t<\/div>\n\t\t<div data-particle_enable=\"false\" data-particle-mobile-disabled=\"false\" class=\"elementor-element elementor-element-e033865 e-flex e-con-boxed e-con e-child\" data-id=\"e033865\" data-element_type=\"container\" data-e-type=\"container\">\n\t\t\t\t\t<div class=\"e-con-inner\">\n\t\t\t\t<div class=\"elementor-element elementor-element-f2bd1b7 elementor-widget-divider--view-line_text elementor-widget-divider--element-align-left elementor-widget elementor-widget-divider\" data-id=\"f2bd1b7\" data-element_type=\"widget\" data-e-type=\"widget\" data-widget_type=\"divider.default\">\n\t\t\t\t\t\t\t<div class=\"elementor-divider\">\n\t\t\t<span class=\"elementor-divider-separator\">\n\t\t\t\t\t\t\t<span class=\"elementor-divider__text elementor-divider__element\">\n\t\t\t\tKonsultavimo paslaugos\t\t\t\t<\/span>\n\t\t\t\t\t\t<\/span>\n\t\t<\/div>\n\t\t\t\t\t\t<\/div>\n\t\t\t\t\t<\/div>\n\t\t\t\t<\/div>\n\t\t\t\t\t<\/div>\n\t\t\t\t<\/div>\n\t\t\t\t<\/div>\n\t\t\t\t<\/div>\n\t\t\t\t\t<\/div>\n\t\t\t\t<\/div>\n\t\t<div data-particle_enable=\"false\" data-particle-mobile-disabled=\"false\" class=\"elementor-element elementor-element-3d3b7c7 e-flex e-con-boxed e-con e-parent\" data-id=\"3d3b7c7\" data-element_type=\"container\" data-e-type=\"container\">\n\t\t\t\t\t<div class=\"e-con-inner\">\n\t\t<div data-particle_enable=\"false\" data-particle-mobile-disabled=\"false\" class=\"elementor-element elementor-element-b2995b9 e-con-full e-flex e-con e-child\" data-id=\"b2995b9\" data-element_type=\"container\" data-e-type=\"container\">\n\t\t<div data-particle_enable=\"false\" data-particle-mobile-disabled=\"false\" class=\"elementor-element elementor-element-82b77fa e-flex e-con-boxed e-con e-child\" data-id=\"82b77fa\" data-element_type=\"container\" data-e-type=\"container\" data-settings=\"{&quot;background_background&quot;:&quot;classic&quot;}\">\n\t\t\t\t\t<div class=\"e-con-inner\">\n\t\t\t\t<div class=\"elementor-element elementor-element-95d84c3 elementor-widget elementor-widget-text-editor\" data-id=\"95d84c3\" data-element_type=\"widget\" data-e-type=\"widget\" data-widget_type=\"text-editor.default\">\n\t\t\t\t\t\t\t\t\t<p>VDU \u017dem\u0117s \u016bkio akademija teikia profesionalias konsultavimo paslaugas \u016bkininkams, mi\u0161kininkams, \u017euvininkyst\u0117s specialistams ir kitiems \u017eem\u0117s bei gamtos i\u0161tekli\u0173 valdytojams. 29 VDU \u017dem\u0117s \u016bkio akademijos darbuotojai priklauso Nepriklausom\u0173 \u017eem\u0117s \u016bkio konsultant\u0173 tinklui. \u0160ie konsultantai yra savo srities profesionalai, turintys ilgamet\u0119 patirt\u012f ir dirbantys pagal naujausias mokslo \u017einias. Tokiu b\u016bdu VDU \u017d\u016aA konsultant\u0173 tinklas padeda \u012fvairi\u0173 sri\u010di\u0173 \u016bkininkams ir valdytojams s\u0117kmingai pl\u0117toti savo veikl\u0105, didinti jos efektyvum\u0105 ir taikyti pa\u017eangius, tvarius sprendimus.<\/p><p>Nepriklausomi \u017eem\u0117s \u016bkio konsultantai\u00a0<strong>konsultuoja pagal \u0161ias sritis:<\/strong><\/p><ol><li>Augalininkyst\u0117;<\/li><li>Gyvulininkyst\u0117;<\/li><li>Mi\u0161kininkyst\u0117;<\/li><li>\u017duvininkyst\u0117;<\/li><li>\u017dem\u0117tvarka;<\/li><li>Asmeninis \u016bkininko ar mi\u0161ko valdytojo tobul\u0117jimas ir jo\u00a0 \u016bkio vystymasis.<br \/><br \/><\/li><\/ol><p>Nepriklausom\u0173 \u017eem\u0117s \u016bkio konsultant\u0173 tinklo s\u0105ra\u0161as ir tvirtinimo tvarkos apra\u0161as:<span style=\"color: #000080;\"> <a style=\"color: #000080;\" href=\"https:\/\/zua.lrv.lt\/lt\/veiklos-sritys\/akreditavimas\/nepriklausomu-zemes-ukio-konsultantu-sarasas\/\">https:\/\/zua.lrv.lt\/lt\/veiklos-sritys\/akreditavimas\/nepriklausomu-zemes-ukio-konsultantu-sarasas\/<\/a><\/span><\/p><p>Daugiau informacijos: Kvalifikacijos tobulinimo veikl\u0173 koordinator\u0117 Debora Augutyt\u0117, el.pa\u0161tas: <span style=\"color: #000080;\"><a style=\"color: #000080;\" href=\"mailto:debora.augutyte@vdu.lt\">debora.augutyte@vdu.lt<\/a><\/span><\/p>\t\t\t\t\t\t\t\t<\/div>\n\t\t\t\t\t<\/div>\n\t\t\t\t<\/div>\n\t\t\t\t<\/div>\n\t\t\t\t\t<\/div>\n\t\t\t\t<\/div>\n\t\t\t\t<\/div>","protected":false},"excerpt":{"rendered":"<p>VDU \u017dem\u0117s \u016bkio akademija teikia profesionalias konsultavimo paslaugas \u016bkininkams, mi\u0161kininkams, \u017euvininkyst\u0117s specialistams ir kitiems \u017eem\u0117s bei gamtos i\u0161tekli\u0173 valdytojams. 29 VDU \u017dem\u0117s \u016bkio akademijos darbuotojai priklauso Nepriklausom\u0173 \u017eem\u0117s \u016bkio konsultant\u0173 tinklui. \u0160ie konsultantai yra savo srities profesionalai, turintys ilgamet\u0119 patirt\u012f ir dirbantys pagal naujausias mokslo \u017einias. Tokiu b\u016bdu VDU \u017d\u016aA konsultant\u0173 tinklas padeda \u012fvairi\u0173 sri\u010di\u0173 [&hellip;]<\/p>\n","protected":false},"author":1,"featured_media":0,"parent":0,"menu_order":0,"comment_status":"closed","ping_status":"closed","template":"","meta":{"_acf_changed":false,"rs_blank_template":"","rs_page_bg_color":"","slide_template_v7":"","footnotes":""},"class_list":["post-1111","page","type-page","status-publish","hentry"],"acf":[],"_links":{"self":[{"href":"https:\/\/expoacademia.aitera.eu\/en\/wp-json\/wp\/v2\/pages\/1111","targetHints":{"allow":["GET"]}}],"collection":[{"href":"https:\/\/expoacademia.aitera.eu\/en\/wp-json\/wp\/v2\/pages"}],"about":[{"href":"https:\/\/expoacademia.aitera.eu\/en\/wp-json\/wp\/v2\/types\/page"}],"author":[{"embeddable":true,"href":"https:\/\/expoacademia.aitera.eu\/en\/wp-json\/wp\/v2\/users\/1"}],"replies":[{"embeddable":true,"href":"https:\/\/expoacademia.aitera.eu\/en\/wp-json\/wp\/v2\/comments?post=1111"}],"version-history":[{"count":12,"href":"https:\/\/expoacademia.aitera.eu\/en\/wp-json\/wp\/v2\/pages\/1111\/revisions"}],"predecessor-version":[{"id":1606,"href":"https:\/\/expoacademia.aitera.eu\/en\/wp-json\/wp\/v2\/pages\/1111\/revisions\/1606"}],"wp:attachment":[{"href":"https:\/\/expoacademia.aitera.eu\/en\/wp-json\/wp\/v2\/media?parent=1111"}],"curies":[{"name":"wp","href":"https:\/\/api.w.org\/{rel}","templated":true}]}}